{"id":19,"date":"2009-07-24T16:13:08","date_gmt":"2009-07-24T14:13:08","guid":{"rendered":"http:\/\/geschwisterbuechner.de\/die-buchner-genealogie-von-1786-1949\/"},"modified":"2011-04-12T11:31:18","modified_gmt":"2011-04-12T09:31:18","slug":"die-buchner-genealogie-von-1786-1949","status":"publish","type":"page","link":"https:\/\/geschwisterbuechner.de\/?page_id=19","title":{"rendered":"Die B\u00fcchner-Genealogie von 1786 &#8211; 1949"},"content":{"rendered":"<p><meta http-equiv=\"Content-Type\" content=\"text\/html; charset=utf-8\" \/><meta name=\"ProgId\" content=\"Word.Document\" \/><meta name=\"Generator\" content=\"Microsoft Word 10\" \/><meta name=\"Originator\" content=\"Microsoft Word 10\" \/>\n<link href=\"file:\/\/\/C:%5CDOKUME%7E1%5CPETERB%7E1%5CLOKALE%7E1%5CTemp%5Cmsohtml1%5C01%5Cclip_filelist.xml\" rel=\"File-List\" \/><!--[if gte mso 9]><xml>  <w :WordDocument>   <\/w><w :View>Normal<\/w>   <w :Zoom>0<\/w>   <w :HyphenationZone>21<\/w>   <w :Compatibility>    <w :BreakWrappedTables\/>    <w :SnapToGridInCell\/>    <w :WrapTextWithPunct\/>    <w :UseAsianBreakRules\/>   <\/w>   <w :BrowserLevel>MicrosoftInternetExplorer4<\/w>   <\/xml>< ![endif]--><\/p>\n<p style=\"margin-bottom: 0cm\">&nbsp;<\/p>\n<p style=\"line-height: 200%\"><font size=\"5\">1. <strong>Ernst Karl B\u00fcchner<\/strong>, * 3.8.1786 in Reinheim, (Sohn von Johann Jakob Karl (Jacob Carl) B\u00fcchner und Wilhelmine Magdalene Vorwerck) \u0086 19.5.1861 in Darmstadt. (s. Dt. Geschlechterbuch 17, B\u00fcchner, VIII g Darmst\u00e4dter Zweig). Dr.med., Grofherzgl. Hess. Obermedizinalrat in Darmstadt, vorher Rgts.-Chirurg in holl\u00e4nd. Diensten und Arzt in Goddelau. (B\u00fcchnerkatalog: Hospitalarzt in Hofheim-Goddelau, Stadtphysikus u. Hospitalarzt in Darmstadt, Mitglied d. Medizinalkollegs, Obermedizinalrat.) Er heiratete <strong>Caroline Luise Reu\u00df<\/strong>, Heirat 28.10.1812 in Hofheim-Goddelau, * 19.8.1791 in Pirmasens, (Tochter von Johann Georg Reu\u00df und Luise Philippine Hermanni) \u0086 3.3.1858 in Darmstadt.<\/font><\/p>\n<p style=\"line-height: 200%\">&nbsp;<\/p>\n<p style=\"line-height: 200%\"><font size=\"5\"><em>Kinder:<\/em><\/font><\/p>\n<p style=\"line-height: 200%\">&nbsp;<\/p>\n<p style=\"line-height: 200%\"><font size=\"5\">i <strong>Karl Georg B\u00fcchner<\/strong>, * 17.10.1813 in Goddelau, \u0086 19.2.1837 in Z\u00fcrich.<\/font><\/p>\n<p style=\"line-height: 200%\">&nbsp;<\/p>\n<p style=\"line-height: 200%\"><font size=\"5\">ii <strong>Mathilde B\u00fcchner<\/strong>, * 20.4.1815 in Goddelau, \u0086 30.8.1888 in Darmstadt.<\/font><\/p>\n<p style=\"line-height: 200%\">&nbsp;<\/p>\n<p style=\"line-height: 200%\"><font size=\"5\">2. iii <strong>Wilhelm Ludwig B\u00fcchner <\/strong>* 2.8.1816.<\/font><\/p>\n<p style=\"line-height: 200%\">&nbsp;<\/p>\n<p style=\"line-height: 200%\"><font size=\"5\">iv <strong>Karl B\u00fcchner<\/strong>, * 1818, \u0086 17.9.1818 in Darmstadt.<\/font><\/p>\n<p style=\"line-height: 200%\">&nbsp;<\/p>\n<p style=\"line-height: 200%\"><font size=\"5\">v <strong>Luise B\u00fcchner<\/strong>, * 12.6.1821 in Darmstadt, \u0086 28.11.1877 in Darmstadt.<\/font><\/p>\n<p style=\"line-height: 200%\">&nbsp;<\/p>\n<p style=\"line-height: 200%\"><font size=\"5\">3. vi <strong>Friedrich Karl Christian Ludwig (Louis) B\u00fcchner <\/strong>* 29.3.1824.<\/font><\/p>\n<p style=\"line-height: 200%\">&nbsp;<\/p>\n<p style=\"line-height: 200%\"><font size=\"5\">4. vii <strong>Alexander Karl Ludwig B\u00fcchner <\/strong>* 25.10.1827.<\/font><\/p>\n<p style=\"line-height: 200%\">&nbsp;<\/p>\n<p style=\"line-height: 200%\">&nbsp;<\/p>\n<p style=\"line-height: 200%\"><font size=\"5\"><strong>Zweite Generation<\/strong><\/font><\/p>\n<p style=\"line-height: 200%\">&nbsp;<\/p>\n<p style=\"line-height: 200%\"><font size=\"5\">2. <strong>Wilhelm Ludwig B\u00fcchner<\/strong>, * 2.8.1816 in Stockstadt, \u0086 14.7.1892 in Pfungstadt. Er heiratete <strong>Elisabeth Wilhelmine Frederika B\u00fcchner<\/strong>, Heirat 27.2.1845 in Gouda, * 26.11.1821 in Gouda, (Tochter von Wilhelm Friedrich B\u00fcchner und Elisabeth Polijn) \u0086 16.5.1908 in Pfungstadt.<\/font><\/p>\n<p style=\"line-height: 200%\"><font size=\"5\"><em>Kinder:<\/em><\/font><\/p>\n<p style=\"line-height: 200%\"><font size=\"5\"><span lang=\"it-IT\">i <\/span><span lang=\"it-IT\"><strong>Caroline (Lina) Magdalene Wilhelmine B\u00fcchner<\/strong><\/span><span lang=\"it-IT\">, * 22. <\/span>3. 1846 in Darmstadt, \u0086 21.5.1918 in Darmstadt.<\/font><\/p>\n<p style=\"line-height: 200%\"><font size=\"5\">ii <strong>Elisabeth Wilhelmine Jeanette B\u00fcchner<\/strong>, * 18.1.1848 in Pfungstadt, \u0086 11.10.1848 in Pfungstadt.<\/font><\/p>\n<p style=\"line-height: 200%\"><font size=\"5\">iii <strong>Ernst Wilhelm B\u00fcchner<\/strong>, * 8.3.1850 in Pfungstadt, \u0086 25.4.1925 in Darmstadt. Er heiratete (1) <strong>Mathilda B\u00fcchner<\/strong>, Heirat 4.5.1876 in Amsterdam, * 6.1.1852 in Amsterdam, (Tochter von Ernst Christian B\u00fcchner und Susanna Henriette Beth) \u0086 1.4.1908 in Darmstadt. Er heiratete (2) <strong>Marie (Mary) Ludovike Karoline von Ferber<\/strong>, Heirat 4.2.1885 in Berlin, * 6.8.1850 in Voigtsdorf \/ Pommern, (Tochter von Karl Hans Hermann Wilhelm von Ferber und Auguste Beate Ulrike von Angern) \u0086 20.4.1925 in Darmstadt.<\/font><\/p>\n<p style=\"line-height: 200%\">&nbsp;<\/p>\n<p style=\"line-height: 200%\"><font size=\"5\">3. <strong>Friedrich Karl Christian Ludwig (Louis) B\u00fcchner<\/strong>, * 29.3.1824 in Darmstadt, \u0086 30.4.1899 in Darmstadt. Er heiratete <strong>Caroline Georgine Sophie Thomas<\/strong>, Heirat 17.1.1860 in Frankfurt am Main, * 19.6.1836 in Frankfurt am Main, (Tochter von Georg Christian Thomas und Caroline Maria Margarethe Henckelmann) \u0086 22.5.1920 in Darmstadt.<\/font><\/p>\n<p style=\"line-height: 200%\"><font size=\"5\"><em>Kinder:<\/em><\/font><\/p>\n<p style=\"line-height: 200%\"><font size=\"5\">i <strong>Johanna Mathilde B\u00fcchner<\/strong>, * 24.10.1860 in Darmstadt, \u0086 7.7.1939 in Darmstadt. Sie heiratete <strong>Gustav Bu\u00df<\/strong>, Heirat 28.8.1888 in Darmstadt, * 25.12.1858 in Neu Braunfels \/ Texas (USA), \u0086 14.12.1934 in Darmstadt.<\/font><\/p>\n<p style=\"line-height: 200%\"><font size=\"5\">ii <strong>Georg B\u00fcchner<\/strong>, * 8.6.1862 in Darmstadt, \u0086 12.9.1944 in Darmstadt. Er heiratete <strong>Marie Luise Therese Schenk<\/strong>, Heirat 14.7.1892 in Darmstadt, * 18.7.1873 in Darmstadt, (Tochter von Anna Christine Knorr und Karl Heinrich Johann Schenck) \u0086 12.9.1944 in Darmstadt.<\/font><\/p>\n<p style=\"line-height: 200%\"><font size=\"5\">iii <strong>Elisabeth B\u00fcchner<\/strong>, * 13.1.1864 in Darmstadt, \u0086 2.1.1939 in Darmstadt. Sie heiratete <strong>Ludwig Steinmetz<\/strong>, Heirat 25.9.1886 in Darmstadt, * 15.4.1860 in Gr\u00fcnberg, \u0086 15.9.1914 in Reims.<\/font><\/p>\n<p style=\"line-height: 200%\"><font size=\"5\">iv <strong>Wilhelm B\u00fcchner<\/strong>, * 9. 9. 1866 in Darmstadt, \u0086 26.6.1914 in Bitsch \/ Elsa\u00df. Er heiratete <strong>Margarethe (Greting) Pfitzner<\/strong>, Heirat 18.8.1897 in Darmstadt, * 28.5.1876 in Neustrelitz, \u0086 19.7.1944 in Berlin.<\/font><\/p>\n<p style=\"line-height: 200%\">&nbsp;<\/p>\n<p style=\"line-height: 200%\"><font size=\"5\">4. <strong>Alexander Karl Ludwig B\u00fcchner<\/strong>, * 25.10.1827 in Darmstadt, \u0086 7.3.1904 in Hannover. Er heiratete (1) <strong>Dorothea Sophie Christ<\/strong>, Heirat 25.9.1858 in Kesselstadt \/ Hanau, * 8.9.1824 in Hanau, (Tochter von Samuel Christ) \u0086 11.7.1880 in Caen. Er heiratete (2) <strong>Martha Bahlsen<\/strong>, Heirat 31.8.1899 in Cresseron (Normandie), * 1.6.1875 in Hannover, (Tochter von August Bahlsen und Ida Wilhelmine B\u00f6hme) \u0086 26.2.1949 in Goslar.<\/font><\/p>\n<p style=\"line-height: 200%\"><font size=\"5\"><em>Kinder von Dorothea Sophie Christ:<\/em><\/font><\/p>\n<p style=\"line-height: 200%\"><font size=\"5\">i <strong>Samuel (Sam) Wilhelm B\u00fcchner<\/strong>, * 21.9.1863 in Caen, \u0086 15.12.1940 in Cannes. <\/font><\/p>\n<p style=\"margin-bottom: 0cm; line-height: 200%\">\n<style> <!--  \/* Font Definitions *\/  @font-face \t{font-family:Garamond; \tpanose-1:2 2 4 4 3 3 1 1 8 3; \tmso-font-charset:0; \tmso-generic-font-family:roman; \tmso-font-pitch:variable; \tmso-font-signature:647 0 0 0 159 0;} @font-face \t{font-family:Garamond-Bold; \tpanose-1:0 0 0 0 0 0 0 0 0 0; \tmso-font-charset:0; \tmso-generic-font-family:roman; \tmso-font-format:other; \tmso-font-pitch:auto; \tmso-font-signature:3 0 0 0 1 0;} @font-face \t{font-family:Garamond-Italic; \tpanose-1:0 0 0 0 0 0 0 0 0 0; \tmso-font-charset:0; \tmso-generic-font-family:roman; \tmso-font-format:other; \tmso-font-pitch:auto; \tmso-font-signature:3 0 0 0 1 0;}  \/* Style Definitions *\/  p.MsoNormal, li.MsoNormal, div.MsoNormal \t{mso-style-parent:\"\"; \tmargin:0cm; \tmargin-bottom:.0001pt; \tmso-pagination:widow-orphan; \tfont-size:12.0pt; \tfont-family:\"Times New Roman\"; \tmso-fareast-font-family:\"Times New Roman\";} @page Section1 \t{size:595.3pt 841.9pt; \tmargin:70.85pt 70.85pt 2.0cm 70.85pt; \tmso-header-margin:35.4pt; \tmso-footer-margin:35.4pt; \tmso-paper-source:0;} div.Section1 \t{page:Section1;} --> <\/style>\n<\/p>\n<p><!--[if gte mso 10]>\n\n\n\n<style>  \/* Style Definitions *\/  table.MsoNormalTable \t{mso-style-name:\"Normale Tabelle\"; \tmso-tstyle-rowband-size:0; \tmso-tstyle-colband-size:0; \tmso-style-noshow:yes; \tmso-style-parent:\"\"; \tmso-padding-alt:0cm 5.4pt 0cm 5.4pt; \tmso-para-margin:0cm; \tmso-para-margin-bottom:.0001pt; \tmso-pagination:widow-orphan; \tfont-size:10.0pt; \tfont-family:\"Times New Roman\";} <\/style>\n\n < ![endif]--><\/p>\n<p><span style=\"font-size: 8pt; font-family: Garamond\"><o><\/o><\/span><\/p>\n","protected":false},"excerpt":{"rendered":"<p>&nbsp; 1. Ernst Karl B\u00fcchner, * 3.8.1786 in Reinheim, (Sohn von Johann Jakob Karl (Jacob Carl) B\u00fcchner und Wilhelmine Magdalene Vorwerck) \u0086 19.5.1861 in Darmstadt. (s. Dt. Geschlechterbuch 17, B\u00fcchner, VIII g Darmst\u00e4dter Zweig). Dr.med., Grofherzgl. Hess. Obermedizinalrat in Darmstadt, vorher Rgts.-Chirurg in holl\u00e4nd. Diensten und Arzt in Goddelau. (B\u00fcchnerkatalog: Hospitalarzt in Hofheim-Goddelau, Stadtphysikus u. [&hellip;]<\/p>\n","protected":false},"author":379,"featured_media":0,"parent":0,"menu_order":0,"comment_status":"open","ping_status":"open","template":"","meta":{"footnotes":""},"class_list":["post-19","page","type-page","status-publish","hentry","post-preview"],"yoast_head":"<!-- This site is optimized with the Yoast SEO plugin v27.4 - https:\/\/yoast.com\/product\/yoast-seo-wordpress\/ -->\n<title>Die B\u00fcchner-Genealogie von 1786 - 1949 - Neues aus Buechnerland<\/title>\n<meta name=\"robots\" content=\"index, follow, max-snippet:-1, max-image-preview:large, max-video-preview:-1\" \/>\n<link rel=\"canonical\" href=\"https:\/\/geschwisterbuechner.de\/?page_id=19\" \/>\n<meta property=\"og:locale\" content=\"de_DE\" \/>\n<meta property=\"og:type\" content=\"article\" \/>\n<meta property=\"og:title\" content=\"Die B\u00fcchner-Genealogie von 1786 - 1949 - Neues aus Buechnerland\" \/>\n<meta property=\"og:description\" content=\"&nbsp; 1. Ernst Karl B\u00fcchner, * 3.8.1786 in Reinheim, (Sohn von Johann Jakob Karl (Jacob Carl) B\u00fcchner und Wilhelmine Magdalene Vorwerck) \u0086 19.5.1861 in Darmstadt. (s. Dt. Geschlechterbuch 17, B\u00fcchner, VIII g Darmst\u00e4dter Zweig). Dr.med., Grofherzgl. Hess. Obermedizinalrat in Darmstadt, vorher Rgts.-Chirurg in holl\u00e4nd. Diensten und Arzt in Goddelau. (B\u00fcchnerkatalog: Hospitalarzt in Hofheim-Goddelau, Stadtphysikus u. [&hellip;]\" \/>\n<meta property=\"og:url\" content=\"https:\/\/geschwisterbuechner.de\/?page_id=19\" \/>\n<meta property=\"og:site_name\" content=\"Neues aus Buechnerland\" \/>\n<meta property=\"article:modified_time\" content=\"2011-04-12T09:31:18+00:00\" \/>\n<meta name=\"twitter:card\" content=\"summary_large_image\" \/>\n<meta name=\"twitter:site\" content=\"@s_p_brunner\" \/>\n<meta name=\"twitter:label1\" content=\"Gesch\u00e4tzte Lesezeit\" \/>\n\t<meta name=\"twitter:data1\" content=\"2\u00a0Minuten\" \/>\n<script type=\"application\/ld+json\" class=\"yoast-schema-graph\">{\"@context\":\"https:\\\/\\\/schema.org\",\"@graph\":[{\"@type\":\"WebPage\",\"@id\":\"https:\\\/\\\/geschwisterbuechner.de\\\/?page_id=19\",\"url\":\"https:\\\/\\\/geschwisterbuechner.de\\\/?page_id=19\",\"name\":\"Die B\u00fcchner-Genealogie von 1786 - 1949 - Neues aus Buechnerland\",\"isPartOf\":{\"@id\":\"https:\\\/\\\/geschwisterbuechner.de\\\/#website\"},\"datePublished\":\"2009-07-24T14:13:08+00:00\",\"dateModified\":\"2011-04-12T09:31:18+00:00\",\"breadcrumb\":{\"@id\":\"https:\\\/\\\/geschwisterbuechner.de\\\/?page_id=19#breadcrumb\"},\"inLanguage\":\"de\",\"potentialAction\":[{\"@type\":\"ReadAction\",\"target\":[\"https:\\\/\\\/geschwisterbuechner.de\\\/?page_id=19\"]}]},{\"@type\":\"BreadcrumbList\",\"@id\":\"https:\\\/\\\/geschwisterbuechner.de\\\/?page_id=19#breadcrumb\",\"itemListElement\":[{\"@type\":\"ListItem\",\"position\":1,\"name\":\"Startseite\",\"item\":\"https:\\\/\\\/geschwisterbuechner.de\\\/\"},{\"@type\":\"ListItem\",\"position\":2,\"name\":\"Die B\u00fcchner-Genealogie von 1786 &#8211; 1949\"}]},{\"@type\":\"WebSite\",\"@id\":\"https:\\\/\\\/geschwisterbuechner.de\\\/#website\",\"url\":\"https:\\\/\\\/geschwisterbuechner.de\\\/\",\"name\":\"Neues aus Buechnerland\",\"description\":\"Peter Brunners Buechnerblog\",\"publisher\":{\"@id\":\"https:\\\/\\\/geschwisterbuechner.de\\\/#\\\/schema\\\/person\\\/ec81f262408192ea04c51ee9c89d48d9\"},\"potentialAction\":[{\"@type\":\"SearchAction\",\"target\":{\"@type\":\"EntryPoint\",\"urlTemplate\":\"https:\\\/\\\/geschwisterbuechner.de\\\/?s={search_term_string}\"},\"query-input\":{\"@type\":\"PropertyValueSpecification\",\"valueRequired\":true,\"valueName\":\"search_term_string\"}}],\"inLanguage\":\"de\"},{\"@type\":[\"Person\",\"Organization\"],\"@id\":\"https:\\\/\\\/geschwisterbuechner.de\\\/#\\\/schema\\\/person\\\/ec81f262408192ea04c51ee9c89d48d9\",\"name\":\"peter brunner\",\"image\":{\"@type\":\"ImageObject\",\"inLanguage\":\"de\",\"@id\":\"https:\\\/\\\/secure.gravatar.com\\\/avatar\\\/b6195224d15188d95b27ef2d5a30de7ec9d4b75805cd922fc20b18ef8165d1e4?s=96&d=mm&r=g\",\"url\":\"https:\\\/\\\/secure.gravatar.com\\\/avatar\\\/b6195224d15188d95b27ef2d5a30de7ec9d4b75805cd922fc20b18ef8165d1e4?s=96&d=mm&r=g\",\"contentUrl\":\"https:\\\/\\\/secure.gravatar.com\\\/avatar\\\/b6195224d15188d95b27ef2d5a30de7ec9d4b75805cd922fc20b18ef8165d1e4?s=96&d=mm&r=g\",\"caption\":\"peter brunner\"},\"logo\":{\"@id\":\"https:\\\/\\\/secure.gravatar.com\\\/avatar\\\/b6195224d15188d95b27ef2d5a30de7ec9d4b75805cd922fc20b18ef8165d1e4?s=96&d=mm&r=g\"}}]}<\/script>\n<!-- \/ Yoast SEO plugin. -->","yoast_head_json":{"title":"Die B\u00fcchner-Genealogie von 1786 - 1949 - Neues aus Buechnerland","robots":{"index":"index","follow":"follow","max-snippet":"max-snippet:-1","max-image-preview":"max-image-preview:large","max-video-preview":"max-video-preview:-1"},"canonical":"https:\/\/geschwisterbuechner.de\/?page_id=19","og_locale":"de_DE","og_type":"article","og_title":"Die B\u00fcchner-Genealogie von 1786 - 1949 - Neues aus Buechnerland","og_description":"&nbsp; 1. Ernst Karl B\u00fcchner, * 3.8.1786 in Reinheim, (Sohn von Johann Jakob Karl (Jacob Carl) B\u00fcchner und Wilhelmine Magdalene Vorwerck) \u0086 19.5.1861 in Darmstadt. (s. Dt. Geschlechterbuch 17, B\u00fcchner, VIII g Darmst\u00e4dter Zweig). Dr.med., Grofherzgl. Hess. Obermedizinalrat in Darmstadt, vorher Rgts.-Chirurg in holl\u00e4nd. Diensten und Arzt in Goddelau. (B\u00fcchnerkatalog: Hospitalarzt in Hofheim-Goddelau, Stadtphysikus u. [&hellip;]","og_url":"https:\/\/geschwisterbuechner.de\/?page_id=19","og_site_name":"Neues aus Buechnerland","article_modified_time":"2011-04-12T09:31:18+00:00","twitter_card":"summary_large_image","twitter_site":"@s_p_brunner","twitter_misc":{"Gesch\u00e4tzte Lesezeit":"2\u00a0Minuten"},"schema":{"@context":"https:\/\/schema.org","@graph":[{"@type":"WebPage","@id":"https:\/\/geschwisterbuechner.de\/?page_id=19","url":"https:\/\/geschwisterbuechner.de\/?page_id=19","name":"Die B\u00fcchner-Genealogie von 1786 - 1949 - Neues aus Buechnerland","isPartOf":{"@id":"https:\/\/geschwisterbuechner.de\/#website"},"datePublished":"2009-07-24T14:13:08+00:00","dateModified":"2011-04-12T09:31:18+00:00","breadcrumb":{"@id":"https:\/\/geschwisterbuechner.de\/?page_id=19#breadcrumb"},"inLanguage":"de","potentialAction":[{"@type":"ReadAction","target":["https:\/\/geschwisterbuechner.de\/?page_id=19"]}]},{"@type":"BreadcrumbList","@id":"https:\/\/geschwisterbuechner.de\/?page_id=19#breadcrumb","itemListElement":[{"@type":"ListItem","position":1,"name":"Startseite","item":"https:\/\/geschwisterbuechner.de\/"},{"@type":"ListItem","position":2,"name":"Die B\u00fcchner-Genealogie von 1786 &#8211; 1949"}]},{"@type":"WebSite","@id":"https:\/\/geschwisterbuechner.de\/#website","url":"https:\/\/geschwisterbuechner.de\/","name":"Neues aus Buechnerland","description":"Peter Brunners Buechnerblog","publisher":{"@id":"https:\/\/geschwisterbuechner.de\/#\/schema\/person\/ec81f262408192ea04c51ee9c89d48d9"},"potentialAction":[{"@type":"SearchAction","target":{"@type":"EntryPoint","urlTemplate":"https:\/\/geschwisterbuechner.de\/?s={search_term_string}"},"query-input":{"@type":"PropertyValueSpecification","valueRequired":true,"valueName":"search_term_string"}}],"inLanguage":"de"},{"@type":["Person","Organization"],"@id":"https:\/\/geschwisterbuechner.de\/#\/schema\/person\/ec81f262408192ea04c51ee9c89d48d9","name":"peter brunner","image":{"@type":"ImageObject","inLanguage":"de","@id":"https:\/\/secure.gravatar.com\/avatar\/b6195224d15188d95b27ef2d5a30de7ec9d4b75805cd922fc20b18ef8165d1e4?s=96&d=mm&r=g","url":"https:\/\/secure.gravatar.com\/avatar\/b6195224d15188d95b27ef2d5a30de7ec9d4b75805cd922fc20b18ef8165d1e4?s=96&d=mm&r=g","contentUrl":"https:\/\/secure.gravatar.com\/avatar\/b6195224d15188d95b27ef2d5a30de7ec9d4b75805cd922fc20b18ef8165d1e4?s=96&d=mm&r=g","caption":"peter brunner"},"logo":{"@id":"https:\/\/secure.gravatar.com\/avatar\/b6195224d15188d95b27ef2d5a30de7ec9d4b75805cd922fc20b18ef8165d1e4?s=96&d=mm&r=g"}}]}},"_links":{"self":[{"href":"https:\/\/geschwisterbuechner.de\/index.php?rest_route=\/wp\/v2\/pages\/19","targetHints":{"allow":["GET"]}}],"collection":[{"href":"https:\/\/geschwisterbuechner.de\/index.php?rest_route=\/wp\/v2\/pages"}],"about":[{"href":"https:\/\/geschwisterbuechner.de\/index.php?rest_route=\/wp\/v2\/types\/page"}],"author":[{"embeddable":true,"href":"https:\/\/geschwisterbuechner.de\/index.php?rest_route=\/wp\/v2\/users\/379"}],"replies":[{"embeddable":true,"href":"https:\/\/geschwisterbuechner.de\/index.php?rest_route=%2Fwp%2Fv2%2Fcomments&post=19"}],"version-history":[{"count":0,"href":"https:\/\/geschwisterbuechner.de\/index.php?rest_route=\/wp\/v2\/pages\/19\/revisions"}],"wp:attachment":[{"href":"https:\/\/geschwisterbuechner.de\/index.php?rest_route=%2Fwp%2Fv2%2Fmedia&parent=19"}],"curies":[{"name":"wp","href":"https:\/\/api.w.org\/{rel}","templated":true}]}}