{"id":16,"date":"2009-07-24T15:45:09","date_gmt":"2009-07-24T13:45:09","guid":{"rendered":"http:\/\/geschwisterbuechner.de\/luise-buchner\/"},"modified":"2019-04-07T14:09:40","modified_gmt":"2019-04-07T12:09:40","slug":"luise-buchner","status":"publish","type":"page","link":"https:\/\/geschwisterbuechner.de\/?page_id=16","title":{"rendered":"Luise B\u00fcchner"},"content":{"rendered":"<p><img loading=\"lazy\" decoding=\"async\" src=\"https:\/\/geschwisterbuechner.de\/wp-content\/uploads\/2010\/10\/luisebuechner_2.jpg\" alt=\"\" width=\"380\" height=\"480\" \/><\/p>\n<p><b>Luise B\u00fcchner<\/b> (* <a title=\"12. Juni\" href=\"http:\/\/de.wikipedia.org\/wiki\/12._Juni\">12. Juni<\/a> <a title=\"1821\" href=\"http:\/\/de.wikipedia.org\/wiki\/1821\">1821<\/a> in <a title=\"Darmstadt\" href=\"http:\/\/de.wikipedia.org\/wiki\/Darmstadt\">Darmstadt<\/a>; \u2020 <a title=\"28. November\" href=\"http:\/\/de.wikipedia.org\/wiki\/28._November\">28. November<\/a> <a title=\"1877\" href=\"http:\/\/de.wikipedia.org\/wiki\/1877\">1877<\/a><sup id=\"cite_ref-1\" class=\"reference\"><a href=\"http:\/\/de.wikipedia.org\/wiki\/Luise_B%C3%BCchner#cite_note-1\">[1]<\/a><\/sup>ebenda) war eine deutsche <a class=\"mw-redirect\" title=\"Frauenrechtler\" href=\"http:\/\/de.wikipedia.org\/wiki\/Frauenrechtler\">Frauenrechtlerin<\/a> und <a title=\"Schriftsteller\" href=\"http:\/\/de.wikipedia.org\/wiki\/Schriftsteller\">Schriftstellerin<\/a>.<\/p>\n<div id=\"toc\" class=\"toc\">\n<div id=\"toctitle\">\n<h2>Inhaltsverzeichnis<\/h2>\n<\/div>\n<ul>\n<li class=\"toclevel-1 tocsection-1\"><a href=\"http:\/\/de.wikipedia.org\/wiki\/Luise_B%C3%BCchner#Leben\"><span class=\"tocnumber\">1<\/span> <span class=\"toctext\">Leben<\/span><\/a><\/li>\n<li class=\"toclevel-1 tocsection-2\"><a href=\"http:\/\/de.wikipedia.org\/wiki\/Luise_B%C3%BCchner#Werke\"><span class=\"tocnumber\">2<\/span> <span class=\"toctext\">Werke<\/span><\/a><\/li>\n<li class=\"toclevel-1 tocsection-3\"><a href=\"http:\/\/de.wikipedia.org\/wiki\/Luise_B%C3%BCchner#Literatur\"><span class=\"tocnumber\">3<\/span> <span class=\"toctext\">Literatur<\/span><\/a><\/li>\n<li class=\"toclevel-1 tocsection-4\"><a href=\"http:\/\/de.wikipedia.org\/wiki\/Luise_B%C3%BCchner#Weblinks\"><span class=\"tocnumber\">4<\/span> <span class=\"toctext\">Weblinks<\/span><\/a><\/li>\n<li class=\"toclevel-1 tocsection-5\"><a href=\"http:\/\/de.wikipedia.org\/wiki\/Luise_B%C3%BCchner#Einzelnachweise\"><span class=\"tocnumber\">5<\/span> <span class=\"toctext\">Einzelnachweise<\/span><\/a><\/li>\n<\/ul>\n<\/div>\n<h2><span id=\"Leben\" class=\"mw-headline\">Leben<\/span><\/h2>\n<div class=\"thumb tright\">\n<div class=\"thumbinner\" style=\"width: 222px;\"><a class=\"image\" href=\"http:\/\/de.wikipedia.org\/w\/index.php?title=Datei:Frauenbewegung_in_Deutschland_1894.jpg&amp;filetimestamp=20080419114834&amp;\"><img loading=\"lazy\" decoding=\"async\" class=\"thumbimage\" src=\"http:\/\/upload.wikimedia.org\/wikipedia\/de\/thumb\/3\/38\/Frauenbewegung_in_Deutschland_1894.jpg\/330px-Frauenbewegung_in_Deutschland_1894.jpg\" alt=\"\" width=\"220\" height=\"239\" data-file-width=\"2091\" data-file-height=\"2270\" \/><\/a><\/p>\n<div class=\"thumbcaption\">\n<div class=\"magnify\"><a class=\"internal\" title=\"vergr\u00f6\u00dfern und Informationen zum Bild anzeigen\" href=\"http:\/\/de.wikipedia.org\/w\/index.php?title=Datei:Frauenbewegung_in_Deutschland_1894.jpg&amp;filetimestamp=20080419114834\"><\/a><\/div>\n<p>\u201eDie F\u00fchrerinnen der Frauenbewegung in Deutschland\u201c,<br \/>\nIllustration aus <a title=\"Die Gartenlaube\" href=\"http:\/\/de.wikipedia.org\/wiki\/Die_Gartenlaube\">Die Gartenlaube<\/a> 1894<\/div>\n<\/div>\n<\/div>\n<p>Luise B\u00fcchner war die Tochter des Chirurgen Dr. Ernst B\u00fcchner und seiner Frau Caroline, geb. Reu\u00df, die Schwester von <a title=\"Georg B\u00fcchner\" href=\"http:\/\/de.wikipedia.org\/wiki\/Georg_B%C3%BCchner\">Georg B\u00fcchner<\/a>, <a title=\"Ludwig B\u00fcchner\" href=\"http:\/\/de.wikipedia.org\/wiki\/Ludwig_B%C3%BCchner\">Ludwig B\u00fcchner<\/a>, <a title=\"Wilhelm B\u00fcchner (Apotheker)\" href=\"http:\/\/de.wikipedia.org\/wiki\/Wilhelm_B%C3%BCchner_%28Apotheker%29\">Wilhelm B\u00fcchner<\/a> und <a title=\"Alexander B\u00fcchner\" href=\"http:\/\/de.wikipedia.org\/wiki\/Alexander_B%C3%BCchner\">Alexander B\u00fcchner<\/a>. Durch einen Unfall im Kindesalter zog sie sich eine R\u00fcckenverkr\u00fcmmung zu, die sie zeitlebens behinderte. Autodidaktisch hatte sie sich umfangreiches Wissen vor allem in Literatur, Mythologie, Geschichte und Fremdsprachen angeeignet. Nach dem Tod der Eltern lebte sie zusammen mit ihrer ebenfalls ledigen Schwester Mathilde (1815\u20131888) im eigenen Haushalt, im gleichen Haus wie ihr Bruder, der Arzt Ludwig B\u00fcchner.<\/p>\n<p>1855 erschien anonym ihr meistzitiertes Werk \u201eDie Frauen und ihr Beruf\u201d, in dem sie sich f\u00fcr bessere M\u00e4dchenbildung einsetzte. Schon 1856 erschien eine erweiterte zweite Auflage, in der ihr Name als Verfasserin genannt wurde. Ihre sp\u00e4teren \u00dcberarbeitungen spiegeln ihre Erfahrungen in der Frauenbewegung. Sie verfasste Romane, Reisebeschreibungen und Gedichte, zusammen mit ihrem Bruder Alexander gab sie eine umfangreiche Gedichtsammlung heraus. Ihre unvollendete Erz\u00e4hlung \u201eEin Dichter&#8220; (erst posthum erschienen) gilt als eines der wichtigen Zeugnisse \u00fcber Georg B\u00fcchners Schulzeit im Darmst\u00e4dter Elternhaus.<\/p>\n<p>Seit Ende 1866 geh\u00f6rte Luise B\u00fcchner zu den engsten Mitarbeiterinnen von <a title=\"Alice von Gro\u00dfbritannien und Irland\" href=\"http:\/\/de.wikipedia.org\/wiki\/Alice_von_Gro%C3%9Fbritannien_und_Irland\">Gro\u00dfherzogin Alice<\/a>. Daraus entstanden ab 1867 mehrere Frauenvereine im Gro\u00dfherzogtum Hessen-Darmstadt; darunter der Alice-Frauenverein f\u00fcr Krankenpflege, der es sich zur Aufgabe machte, junge Frauen zur Krankenschwester ohne konfessionelle Bindung auszubilden. Ziel dieses Vereins war, die bisher nur karitativ ausge\u00fcbte Pflege von Kranken und Verwundeten zum bezahlten Frauenberuf zu machen. Daraus ging das <a title=\"Alice-Hospital Darmstadt\" href=\"http:\/\/de.wikipedia.org\/wiki\/Alice-Hospital_Darmstadt\">Alice-Hospital Darmstadt<\/a> hervor. Ausserdem der Verein f\u00fcr F\u00f6rderung weiblicher Industrie (ab 1872 Alice-Verein f\u00fcr Frauenbildung und -Erwerb), der neben einer Verkaufsstelle f\u00fcr Heimarbeiterinnen (Alice-Basar) die Alice-Schule, eine Berufsfachschule f\u00fcr M\u00e4dchen (heute Alice-Eleonoren-Schule) gr\u00fcndete. Daneben entstand unter der Leitung von Luise B\u00fcchner eine Art Volkshochschule f\u00fcr Frauen, das sogenannte Alicee-Lyceum.<\/p>\n<p>In den 1870er Jahren vertrat sie auf \u00fcberregionalen Konferenzen die Alice-Frauenvereine und berichtete in der Presse regelm\u00e4\u00dfig \u00fcber ihre Arbeit. Die erste Generalversammlung der Frauenbildungsvereine, des Lette-Verbandes, fand im Oktober 1872 auf Einladung von Prinzessin Alice und Luise B\u00fcchner in Darmstadt statt. Aus Anlass einer Konferenz des preu\u00dfischen Kultusministeriums wurde B\u00fcchner 1873 als erste Frau gebeten, zu den Unterrichts- und Erziehungsfragen in der M\u00e4dchenschulbildung eine Stellungnahme vorzulegen.<\/p>\n<p>Luise B\u00fcchner wird heute noch neben <a title=\"Louise Otto-Peters\" href=\"http:\/\/de.wikipedia.org\/wiki\/Louise_Otto-Peters\">Luise Otto<\/a> oder <a title=\"Fanny Lewald\" href=\"http:\/\/de.wikipedia.org\/wiki\/Fanny_Lewald\">Fanny Lewald<\/a> als eine der <i>bahnbrechenden Frauen<\/i> der <a title=\"Frauenbewegung\" href=\"http:\/\/de.wikipedia.org\/wiki\/Frauenbewegung\">Frauenbewegung<\/a> des 19. Jahrhunderts angesehen. B\u00fcchner verstarb in Darmstadt und wurde auf dem dortigen Alten Friedhof beigesetzt.<\/p>\n<div class=\"thumb tright\">\n<div class=\"thumbinner\" style=\"width: 222px;\"><a class=\"image\" href=\"http:\/\/commons.wikimedia.org\/wiki\/File:Grave.LuiseB%C3%BCchner.JPG\"><\/a><\/p>\n<div class=\"thumbcaption\">\n<div class=\"magnify\"><a class=\"internal\" title=\"vergr\u00f6\u00dfern und Informationen zum Bild anzeigen\" href=\"http:\/\/de.wikipedia.org\/wiki\/Datei:Grave.LuiseB%C3%BCchner.JPG\"><\/a><\/div>\n<p>Grab von Luise B\u00fcchner auf dem Alten Friedhof in Darmstadt<\/p><\/div>\n<\/div>\n<\/div>\n<p>Nach ihr ist die Darmst\u00e4dter Luise B\u00fcchner-Bibliothek benannt. Diese ist auch die Anlaufstelle f\u00fcr Interessenten an der neu gegr\u00fcndeten Luise B\u00fcchner-Gesellschaft e.V. Die Gesellschaft vergibt in der Tradition des kritischen Journalismus den Luise B\u00fcchner-Preis f\u00fcr Publizistik. Preistr\u00e4gerinnen waren 2012 <a title=\"Bascha Mika\" href=\"http:\/\/de.wikipedia.org\/wiki\/Bascha_Mika\">Bascha Mika<\/a>, 2013 <a title=\"Julia Voss\" href=\"http:\/\/de.wikipedia.org\/wiki\/Julia_Voss\">Julia Voss<\/a>.<\/p>\n<h2><span id=\"Werke\" class=\"mw-headline\">Werke<\/span><\/h2>\n<ul>\n<li><i>Dichterstimmen aus Heimath und Fremde. F\u00fcr Frauen und Jungfrauen ausgew\u00e4hlt<\/i>, G. Grote&#8217;sche Buchhandlung\u00a0: Hamm 1959.<\/li>\n<li><i>Aus dem Leben. Erz\u00e4hlungen aus Heimath und Fremde<\/i>, Verlag Theodor Thomas\u00a0: Leipzig 1861 (<a class=\"external text\" href=\"http:\/\/www-gdz.sub.uni-goettingen.de\/cgi-bin\/digbib.cgi?PPN508452791\" rel=\"nofollow\">Digitalisat<\/a>).\n<ul>\n<li>Neuausgabe: <i>Aus dem Leben. Erz\u00e4hlungen aus Heimath und Fremde<\/i>, Edition Hamouda\u00a0: Leipzig 2007, <a class=\"internal mw-magiclink-isbn\" href=\"http:\/\/de.wikipedia.org\/wiki\/Spezial:ISBN-Suche\/9783940075055\">ISBN 978-3-940075-05-5<\/a>.<\/li>\n<\/ul>\n<\/li>\n<li><i>Die Frauen und ihr Beruf<\/i>, Meidinger\u00a0: Frankfurt a. M. 1855. Insgeamt 5 Auflagen, teils stark \u00fcberarbeitet (1856, 1860, 1872 und, posthum, 1884)<\/li>\n<li><i>Weihnachtsm\u00e4rchen<\/i>, &#8230;\n<ul>\n<li>Neuausgabe: Forumverlag\u00a0: Riedstadt, <a class=\"internal mw-magiclink-isbn\" href=\"http:\/\/de.wikipedia.org\/wiki\/Spezial:ISBN-Suche\/3980563006\">ISBN 3980563006<\/a>.<\/li>\n<li>Neuausgabe: Edition Marlitt\u00a0: Leipzig 2006, <a class=\"internal mw-magiclink-isbn\" href=\"http:\/\/de.wikipedia.org\/wiki\/Spezial:ISBN-Suche\/9783938824139\">ISBN 978-3-938824-13-9<\/a>.<\/li>\n<\/ul>\n<\/li>\n<li><i>Ein Dichter<\/i>, &#8230;\n<ul>\n<li>Neuausgabe: Justus-von-Liebig-Verlag 1965.<\/li>\n<\/ul>\n<\/li>\n<li><i>Gebildet, ohne gelehrt zu sein<\/i>, &#8230; (Sammlung von Essays, Berichten u. a.).<\/li>\n<li><i>Frauenherz<\/i>, Berlin 1862\n<ul>\n<li>Neuausgabe: <i>Frauenherz<\/i>, Edition BOD, Literaturagentur Lange\u00a0: Norderstedt 2009, <a class=\"internal mw-magiclink-isbn\" href=\"http:\/\/de.wikipedia.org\/wiki\/Spezial:ISBN-Suche\/9783839143841\">ISBN 978-3-839143-84-1<\/a>.<\/li>\n<\/ul>\n<\/li>\n<li><i>Das Schlo\u00df zu Wimmis<\/i> (Roman), Verlag Theodor Thomas\u00a0: Leipzig 1864<\/li>\n<\/ul>\n<h2><span id=\"Literatur\" class=\"mw-headline\">Literatur<\/span><\/h2>\n<ul>\n<li>Matthias Gr\u00f6bel, Manfred H. W. K\u00f6hler, Thomas Lange, Cordelia Scharpf: <i>&#8222;Fortschritt der Menschheit in der Entwicklung des Menschen&#8220;. Georg B\u00fcchners Geschwister in ihrem Jahrhundert.<\/i> Darmstadt 2013. <a class=\"internal mw-magiclink-isbn\" href=\"http:\/\/de.wikipedia.org\/wiki\/Spezial:ISBN-Suche\/9783884433225\">ISBN 978-3-88443-322-5<\/a>. (Darin ein ausf\u00fchrlicher Aufsatz von Cordelia Scharpf \u00fcber Luise B\u00fcchners Leben und Werk.)<\/li>\n<li>Cordelia Scharpf: <i>Luise B\u00fcchner. A Nineteenth-Century Evolutionary Feminist.<\/i> Oxford, Bern, Berlin, Bruxelles, Frankfurt am Main, New York, Wien, 2008. 391 pp., 2 ill. Women in German Literature. Vol. 9, <a class=\"internal mw-magiclink-isbn\" href=\"http:\/\/de.wikipedia.org\/wiki\/Spezial:ISBN-Suche\/9783039103256\">ISBN 978-3-03910-325-6<\/a> (Dt. Ausgabe in Vorbereitung)<\/li>\n<li>Cordelia Scharpf: <i>Luise B\u00fcchner\u00a0: eine evolution\u00e4re Frauenrechtlerin des 19. Jahrhunderts<\/i>, Oxford\u00a0; Bern\u00a0; Berlin\u00a0; Frankfurt am Main\u00a0; Wien [u.a.]\u00a0: Lang, 2013, <a class=\"internal mw-magiclink-isbn\" href=\"http:\/\/de.wikipedia.org\/wiki\/Spezial:ISBN-Suche\/9783034307048\">ISBN 978-3-0343-0704-8<\/a><\/li>\n<li>Heiner Boehncke, Peter Brunner, Hans Sarkowicz: <i>Die B\u00fcchners oder der Wunsch, die Welt zu ver\u00e4ndern<\/i>. Societ\u00e4ts-Verlag, Frankfurt am Main 2008, <a class=\"internal mw-magiclink-isbn\" href=\"http:\/\/de.wikipedia.org\/wiki\/Spezial:ISBN-Suche\/9783797310453\">ISBN 978-3-7973-1045-3<\/a>.<\/li>\n<li>Wolfgang Rasch: <i>Freundschaftsdienst und Auftragswerk. Luise B\u00fcchners Gutzkow-Essay im Lichte ihrer ungedruckten Briefe an <a title=\"Eduard Hallberger\" href=\"http:\/\/de.wikipedia.org\/wiki\/Eduard_Hallberger\">Eduard Hallberger<\/a>.<\/i> In: Internationales Jahrbuch der Bettina-von-Arnim-Gesellschaft. Bd. 17. Berlin, 2005. S. 13-23.<\/li>\n<li>Gerhard K. Friesen (Hrsg.): <i>\u201eWir k\u00f6nnen alle gar nicht genug Respect vor Ihnen haben.\u201c Der Briefwechsel zwischen <a title=\"Karl Gutzkow\" href=\"http:\/\/de.wikipedia.org\/wiki\/Karl_Gutzkow\">Karl Gutzkow<\/a> und Luise B\u00fcchner 1859-1876.<\/i> In: Internationales Jahrbuch der Bettina-von-Arnim-Gesellschaft. Bd. 8\/9. Berlin, 1997. S. 75-138.<\/li>\n<\/ul>\n<p>&nbsp;<\/p>\n<p>Dieser Artikel nutzt Material aus dem Artikel <a href=\"http:\/\/de.wikipedia.org\/wiki\/Luise_B%C3%BCchner\" target=\"_blank\" rel=\"noopener noreferrer\">Luise B\u00fcchner<\/a> in der freien Enzyklop\u00e4die <a href=\"http:\/\/de.wikipedia.org\" target=\"_blank\" rel=\"noopener noreferrer\">Wikipedia<\/a>\u00a0, an dem ich selbst mitgearbeitet habe und steht unter der Doppellizenz <a href=\"http:\/\/de.wikipedia.org\/wiki\/Wikipedia:GNU_Free_Documentation_License\" target=\"_blank\" rel=\"noopener noreferrer\">GNU-Lizenz f\u00fcr freie Dokumentation<\/a>\u00a0<span style=\"font-size: 13pt;\"> und<\/span> <a href=\"http:\/\/de.wikipedia.org\/wiki\/Wikipedia:Lizenzbestimmungen_Commons_Attribution-ShareAlike_3.0_Unported\" target=\"_blank\" rel=\"noopener noreferrer\">Creative Commons CC-BY-SA 3.0 Unported<\/a>. In Wikipedia ist eine Liste der Autoren verf\u00fcgbar.<\/p>\n","protected":false},"excerpt":{"rendered":"<p>Luise B\u00fcchner (* 12. Juni 1821 in Darmstadt; \u2020 28. November 1877[1]ebenda) war eine deutsche Frauenrechtlerin und Schriftstellerin. Inhaltsverzeichnis 1 Leben 2 Werke 3 Literatur 4 Weblinks 5 Einzelnachweise Leben \u201eDie F\u00fchrerinnen der Frauenbewegung in Deutschland\u201c, Illustration aus Die Gartenlaube 1894 Luise B\u00fcchner war die Tochter des Chirurgen Dr. Ernst B\u00fcchner und seiner Frau Caroline, [&hellip;]<\/p>\n","protected":false},"author":379,"featured_media":0,"parent":0,"menu_order":0,"comment_status":"open","ping_status":"open","template":"","meta":{"footnotes":""},"class_list":["post-16","page","type-page","status-publish","hentry","post-preview"],"yoast_head":"<!-- This site is optimized with the Yoast SEO plugin v27.4 - https:\/\/yoast.com\/product\/yoast-seo-wordpress\/ -->\n<title>Luise B\u00fcchner - Neues aus Buechnerland<\/title>\n<meta name=\"robots\" content=\"index, follow, max-snippet:-1, max-image-preview:large, max-video-preview:-1\" \/>\n<link rel=\"canonical\" href=\"https:\/\/geschwisterbuechner.de\/?page_id=16\" \/>\n<meta property=\"og:locale\" content=\"de_DE\" \/>\n<meta property=\"og:type\" content=\"article\" \/>\n<meta property=\"og:title\" content=\"Luise B\u00fcchner - Neues aus Buechnerland\" \/>\n<meta property=\"og:description\" content=\"Luise B\u00fcchner (* 12. Juni 1821 in Darmstadt; \u2020 28. November 1877[1]ebenda) war eine deutsche Frauenrechtlerin und Schriftstellerin. Inhaltsverzeichnis 1 Leben 2 Werke 3 Literatur 4 Weblinks 5 Einzelnachweise Leben \u201eDie F\u00fchrerinnen der Frauenbewegung in Deutschland\u201c, Illustration aus Die Gartenlaube 1894 Luise B\u00fcchner war die Tochter des Chirurgen Dr. Ernst B\u00fcchner und seiner Frau Caroline, [&hellip;]\" \/>\n<meta property=\"og:url\" content=\"https:\/\/geschwisterbuechner.de\/?page_id=16\" \/>\n<meta property=\"og:site_name\" content=\"Neues aus Buechnerland\" \/>\n<meta property=\"article:modified_time\" content=\"2019-04-07T12:09:40+00:00\" \/>\n<meta property=\"og:image\" content=\"https:\/\/geschwisterbuechner.de\/wp-content\/uploads\/2010\/10\/luisebuechner_2.jpg\" \/>\n<meta name=\"twitter:card\" content=\"summary_large_image\" \/>\n<meta name=\"twitter:site\" content=\"@s_p_brunner\" \/>\n<meta name=\"twitter:label1\" content=\"Gesch\u00e4tzte Lesezeit\" \/>\n\t<meta name=\"twitter:data1\" content=\"4\u00a0Minuten\" \/>\n<script type=\"application\/ld+json\" class=\"yoast-schema-graph\">{\"@context\":\"https:\\\/\\\/schema.org\",\"@graph\":[{\"@type\":\"WebPage\",\"@id\":\"https:\\\/\\\/geschwisterbuechner.de\\\/?page_id=16\",\"url\":\"https:\\\/\\\/geschwisterbuechner.de\\\/?page_id=16\",\"name\":\"Luise B\u00fcchner - Neues aus Buechnerland\",\"isPartOf\":{\"@id\":\"https:\\\/\\\/geschwisterbuechner.de\\\/#website\"},\"primaryImageOfPage\":{\"@id\":\"https:\\\/\\\/geschwisterbuechner.de\\\/?page_id=16#primaryimage\"},\"image\":{\"@id\":\"https:\\\/\\\/geschwisterbuechner.de\\\/?page_id=16#primaryimage\"},\"thumbnailUrl\":\"https:\\\/\\\/geschwisterbuechner.de\\\/wp-content\\\/uploads\\\/2010\\\/10\\\/luisebuechner_2.jpg\",\"datePublished\":\"2009-07-24T13:45:09+00:00\",\"dateModified\":\"2019-04-07T12:09:40+00:00\",\"breadcrumb\":{\"@id\":\"https:\\\/\\\/geschwisterbuechner.de\\\/?page_id=16#breadcrumb\"},\"inLanguage\":\"de\",\"potentialAction\":[{\"@type\":\"ReadAction\",\"target\":[\"https:\\\/\\\/geschwisterbuechner.de\\\/?page_id=16\"]}]},{\"@type\":\"ImageObject\",\"inLanguage\":\"de\",\"@id\":\"https:\\\/\\\/geschwisterbuechner.de\\\/?page_id=16#primaryimage\",\"url\":\"https:\\\/\\\/geschwisterbuechner.de\\\/wp-content\\\/uploads\\\/2010\\\/10\\\/luisebuechner_2.jpg\",\"contentUrl\":\"https:\\\/\\\/geschwisterbuechner.de\\\/wp-content\\\/uploads\\\/2010\\\/10\\\/luisebuechner_2.jpg\"},{\"@type\":\"BreadcrumbList\",\"@id\":\"https:\\\/\\\/geschwisterbuechner.de\\\/?page_id=16#breadcrumb\",\"itemListElement\":[{\"@type\":\"ListItem\",\"position\":1,\"name\":\"Startseite\",\"item\":\"https:\\\/\\\/geschwisterbuechner.de\\\/\"},{\"@type\":\"ListItem\",\"position\":2,\"name\":\"Luise B\u00fcchner\"}]},{\"@type\":\"WebSite\",\"@id\":\"https:\\\/\\\/geschwisterbuechner.de\\\/#website\",\"url\":\"https:\\\/\\\/geschwisterbuechner.de\\\/\",\"name\":\"Neues aus Buechnerland\",\"description\":\"Peter Brunners Buechnerblog\",\"publisher\":{\"@id\":\"https:\\\/\\\/geschwisterbuechner.de\\\/#\\\/schema\\\/person\\\/ec81f262408192ea04c51ee9c89d48d9\"},\"potentialAction\":[{\"@type\":\"SearchAction\",\"target\":{\"@type\":\"EntryPoint\",\"urlTemplate\":\"https:\\\/\\\/geschwisterbuechner.de\\\/?s={search_term_string}\"},\"query-input\":{\"@type\":\"PropertyValueSpecification\",\"valueRequired\":true,\"valueName\":\"search_term_string\"}}],\"inLanguage\":\"de\"},{\"@type\":[\"Person\",\"Organization\"],\"@id\":\"https:\\\/\\\/geschwisterbuechner.de\\\/#\\\/schema\\\/person\\\/ec81f262408192ea04c51ee9c89d48d9\",\"name\":\"peter brunner\",\"image\":{\"@type\":\"ImageObject\",\"inLanguage\":\"de\",\"@id\":\"https:\\\/\\\/secure.gravatar.com\\\/avatar\\\/b6195224d15188d95b27ef2d5a30de7ec9d4b75805cd922fc20b18ef8165d1e4?s=96&d=mm&r=g\",\"url\":\"https:\\\/\\\/secure.gravatar.com\\\/avatar\\\/b6195224d15188d95b27ef2d5a30de7ec9d4b75805cd922fc20b18ef8165d1e4?s=96&d=mm&r=g\",\"contentUrl\":\"https:\\\/\\\/secure.gravatar.com\\\/avatar\\\/b6195224d15188d95b27ef2d5a30de7ec9d4b75805cd922fc20b18ef8165d1e4?s=96&d=mm&r=g\",\"caption\":\"peter brunner\"},\"logo\":{\"@id\":\"https:\\\/\\\/secure.gravatar.com\\\/avatar\\\/b6195224d15188d95b27ef2d5a30de7ec9d4b75805cd922fc20b18ef8165d1e4?s=96&d=mm&r=g\"}}]}<\/script>\n<!-- \/ Yoast SEO plugin. -->","yoast_head_json":{"title":"Luise B\u00fcchner - Neues aus Buechnerland","robots":{"index":"index","follow":"follow","max-snippet":"max-snippet:-1","max-image-preview":"max-image-preview:large","max-video-preview":"max-video-preview:-1"},"canonical":"https:\/\/geschwisterbuechner.de\/?page_id=16","og_locale":"de_DE","og_type":"article","og_title":"Luise B\u00fcchner - Neues aus Buechnerland","og_description":"Luise B\u00fcchner (* 12. Juni 1821 in Darmstadt; \u2020 28. November 1877[1]ebenda) war eine deutsche Frauenrechtlerin und Schriftstellerin. Inhaltsverzeichnis 1 Leben 2 Werke 3 Literatur 4 Weblinks 5 Einzelnachweise Leben \u201eDie F\u00fchrerinnen der Frauenbewegung in Deutschland\u201c, Illustration aus Die Gartenlaube 1894 Luise B\u00fcchner war die Tochter des Chirurgen Dr. Ernst B\u00fcchner und seiner Frau Caroline, [&hellip;]","og_url":"https:\/\/geschwisterbuechner.de\/?page_id=16","og_site_name":"Neues aus Buechnerland","article_modified_time":"2019-04-07T12:09:40+00:00","og_image":[{"url":"https:\/\/geschwisterbuechner.de\/wp-content\/uploads\/2010\/10\/luisebuechner_2.jpg","type":"","width":"","height":""}],"twitter_card":"summary_large_image","twitter_site":"@s_p_brunner","twitter_misc":{"Gesch\u00e4tzte Lesezeit":"4\u00a0Minuten"},"schema":{"@context":"https:\/\/schema.org","@graph":[{"@type":"WebPage","@id":"https:\/\/geschwisterbuechner.de\/?page_id=16","url":"https:\/\/geschwisterbuechner.de\/?page_id=16","name":"Luise B\u00fcchner - Neues aus Buechnerland","isPartOf":{"@id":"https:\/\/geschwisterbuechner.de\/#website"},"primaryImageOfPage":{"@id":"https:\/\/geschwisterbuechner.de\/?page_id=16#primaryimage"},"image":{"@id":"https:\/\/geschwisterbuechner.de\/?page_id=16#primaryimage"},"thumbnailUrl":"https:\/\/geschwisterbuechner.de\/wp-content\/uploads\/2010\/10\/luisebuechner_2.jpg","datePublished":"2009-07-24T13:45:09+00:00","dateModified":"2019-04-07T12:09:40+00:00","breadcrumb":{"@id":"https:\/\/geschwisterbuechner.de\/?page_id=16#breadcrumb"},"inLanguage":"de","potentialAction":[{"@type":"ReadAction","target":["https:\/\/geschwisterbuechner.de\/?page_id=16"]}]},{"@type":"ImageObject","inLanguage":"de","@id":"https:\/\/geschwisterbuechner.de\/?page_id=16#primaryimage","url":"https:\/\/geschwisterbuechner.de\/wp-content\/uploads\/2010\/10\/luisebuechner_2.jpg","contentUrl":"https:\/\/geschwisterbuechner.de\/wp-content\/uploads\/2010\/10\/luisebuechner_2.jpg"},{"@type":"BreadcrumbList","@id":"https:\/\/geschwisterbuechner.de\/?page_id=16#breadcrumb","itemListElement":[{"@type":"ListItem","position":1,"name":"Startseite","item":"https:\/\/geschwisterbuechner.de\/"},{"@type":"ListItem","position":2,"name":"Luise B\u00fcchner"}]},{"@type":"WebSite","@id":"https:\/\/geschwisterbuechner.de\/#website","url":"https:\/\/geschwisterbuechner.de\/","name":"Neues aus Buechnerland","description":"Peter Brunners Buechnerblog","publisher":{"@id":"https:\/\/geschwisterbuechner.de\/#\/schema\/person\/ec81f262408192ea04c51ee9c89d48d9"},"potentialAction":[{"@type":"SearchAction","target":{"@type":"EntryPoint","urlTemplate":"https:\/\/geschwisterbuechner.de\/?s={search_term_string}"},"query-input":{"@type":"PropertyValueSpecification","valueRequired":true,"valueName":"search_term_string"}}],"inLanguage":"de"},{"@type":["Person","Organization"],"@id":"https:\/\/geschwisterbuechner.de\/#\/schema\/person\/ec81f262408192ea04c51ee9c89d48d9","name":"peter brunner","image":{"@type":"ImageObject","inLanguage":"de","@id":"https:\/\/secure.gravatar.com\/avatar\/b6195224d15188d95b27ef2d5a30de7ec9d4b75805cd922fc20b18ef8165d1e4?s=96&d=mm&r=g","url":"https:\/\/secure.gravatar.com\/avatar\/b6195224d15188d95b27ef2d5a30de7ec9d4b75805cd922fc20b18ef8165d1e4?s=96&d=mm&r=g","contentUrl":"https:\/\/secure.gravatar.com\/avatar\/b6195224d15188d95b27ef2d5a30de7ec9d4b75805cd922fc20b18ef8165d1e4?s=96&d=mm&r=g","caption":"peter brunner"},"logo":{"@id":"https:\/\/secure.gravatar.com\/avatar\/b6195224d15188d95b27ef2d5a30de7ec9d4b75805cd922fc20b18ef8165d1e4?s=96&d=mm&r=g"}}]}},"_links":{"self":[{"href":"https:\/\/geschwisterbuechner.de\/index.php?rest_route=\/wp\/v2\/pages\/16","targetHints":{"allow":["GET"]}}],"collection":[{"href":"https:\/\/geschwisterbuechner.de\/index.php?rest_route=\/wp\/v2\/pages"}],"about":[{"href":"https:\/\/geschwisterbuechner.de\/index.php?rest_route=\/wp\/v2\/types\/page"}],"author":[{"embeddable":true,"href":"https:\/\/geschwisterbuechner.de\/index.php?rest_route=\/wp\/v2\/users\/379"}],"replies":[{"embeddable":true,"href":"https:\/\/geschwisterbuechner.de\/index.php?rest_route=%2Fwp%2Fv2%2Fcomments&post=16"}],"version-history":[{"count":6,"href":"https:\/\/geschwisterbuechner.de\/index.php?rest_route=\/wp\/v2\/pages\/16\/revisions"}],"predecessor-version":[{"id":3946,"href":"https:\/\/geschwisterbuechner.de\/index.php?rest_route=\/wp\/v2\/pages\/16\/revisions\/3946"}],"wp:attachment":[{"href":"https:\/\/geschwisterbuechner.de\/index.php?rest_route=%2Fwp%2Fv2%2Fmedia&parent=16"}],"curies":[{"name":"wp","href":"https:\/\/api.w.org\/{rel}","templated":true}]}}