{"id":14,"date":"2009-07-24T15:34:17","date_gmt":"2009-07-24T13:34:17","guid":{"rendered":"http:\/\/geschwisterbuechner.de\/ludwig-buchner\/"},"modified":"2010-10-06T12:17:11","modified_gmt":"2010-10-06T10:17:11","slug":"ludwig-buchner","status":"publish","type":"page","link":"https:\/\/geschwisterbuechner.de\/?page_id=14","title":{"rendered":"Ludwig B\u00fcchner"},"content":{"rendered":"<p>\u00a0<img loading=\"lazy\" decoding=\"async\" src=\"https:\/\/geschwisterbuechner.de\/wp-content\/uploads\/2010\/10\/ludwig_ca1874.JPG\" title=\"Ludwig_Buechner\" alt=\"Ludwig_Buechner\" height=\"408\" width=\"315\" \/><\/p>\n<p>Friedrich Karl Christian Ludwig B\u00fcchner (* 29. M\u00e4rz 1824 in Darmstadt; \u0086 1. Mai 1899 ebenda), war Arzt, Naturwissenschaftler und Philosoph. Er gilt als ein der Wegbereiter des \u0084Vulg\u00e4rmaterialismus\u0094 oder \u0084Monismus\u0094.<\/p>\n<p>Der j\u00fcngere Bruder Georg B\u00fcchners und erste, anonyme Herausgeber seiner \u0084Nachgelassenen Schriften&#8220;, studierte in Gie\u00dfen Medizin, praktizierte als Arzt in T\u00fcbingen und ver\u00f6ffentlichte zahlreiche naturwissenschaftlich-philosophische Schriften. Noch w\u00e4hrend seiner Promotionszeit engagierte er sich in der 1848er-Revolution. B\u00fcchner war neben Carl Vogt und Jakob Moleschott einer der fruchtbarsten und erfolgreichsten Vertreter der \u0084Heiligen Familie\u0094, der (so Franz Mehring) \u0084in der nach 1848 sich formierenden Reaktion einen frischen Windsto\u07d4 darstellte. 1881 gr\u00fcndete B\u00fcchner den Deutschen Freidenkerbund und war Mitinitiator des noch heute bestehenden Freien deutschen Hochstifts in Frankfurt am Main.<\/p>\n<p>B\u00fcchner bet\u00e4tigte sich als Vermittler naturwissenschaftlicher Forschungsergebnisse, er propagierte die Evolutionstheorie von Darwin in Deutschland und stellte eine mechanistische Vererbungslehre auf. Zugleich versuchte er sich immer wieder an systematischen Darstellungen seiner Theorie einer \u0082nat\u00fcrlichen\u0092, d.h. mechanistisch-materialistischen Weltordnung, deren philosophischer Gehalt seit dem Erstlingswerk \u0084<strong>Kraft und Stoff<\/strong>\u0093 von 1854 \u0096 das als \u0084Hausschatz des Kleinb\u00fcrgertums&#8220; erst durch Ernst Haeckels \u0084Weltr\u00e4tsel\u0093 ersetzt wurde. \u0084Kraft und Stoff&#8220; war mit 21 deutschen Auflagen innerhalb von nur f\u00fcnfzig Jahren und zahlreichen \u00dcbersetzungen in andere Sprachen ein f\u00fcr seine Zeit ungew\u00f6hnlich erfolgreiches Buch, dessen Autor daraufhin allerdings schon 1855 die Lehrbefugnis entzogen wurde; er musste als praktischer Arzt nach Darmstadt zur\u00fcckkehren.<\/p>\n<p>F\u00fcr B\u00fcchner sind \u0084Denken und Sein ebenso unzertrennlich wie Kraft und Stoff oder Geist und Materie\u0093; deshalb sei \u0084nichts klarer, als dass, so hoch differenziert und eigent\u00fcmlich auch die Charaktere des Lebens sein m\u00f6gen, dieselben doch nichts mehr und nichts weniger sind, als Bewegungen der unter eigent\u00fcmliche und hochspezialisierte Bedingungen gebrachten gew\u00f6hnlichen Materie\u0093. Das \u0082gro\u00dfe Weltr\u00e4tsel\u0092 zu l\u00f6sen, ist B\u00fcchner zufolge der eigene Materialismus au\u00dferstande: \u0084Auch wird dieses Weltr\u00e4tsel von dem menschlichen Verstande niemals gel\u00f6st werden, da dieser die ihm von Natur und Erfahrung gesteckten Grenzen von Zeit, Raum und Kausalit\u00e4t, die das Weltall als solches nicht kennt, nicht zu \u00fcberspringen vermag.\u0093 Von B\u00fcchners sp\u00e4teren Schriften, in denen als Kern seines Materialismus ein \u0084vulg\u00e4rer\u0094, moralisch pointierter Idealismus sich erweist, sind denn auch mehrere dem Verh\u00e4ltnis der Naturwissenschaften zu religi\u00f6sen Fragen gewidmet. Folgerichtig hat man auf seinen Grabstein (auf dem Alten Friedhof in Darmstadt) geschrieben:<\/p>\n<p style=\"margin-left: 1cm; margin-right: 1cm\"><em>Das \u0084Warum\u0094 wird offenbar, wenn die Toten auferstehn,<br \/>\ndoch das \u0084Wie\u0094 ist sonnenklar, wenn die Welt wir recht verstehn. <\/em><\/p>\n<p>Werke<\/p>\n<p>\u0095\u00a0\u00a0\u00a0\u00a0\u00a0\u00a0\u00a0\u00a0\u00a0 Kraft und Stoff, 1854<\/p>\n<p>\u0095\u00a0\u00a0\u00a0\u00a0\u00a0\u00a0\u00a0\u00a0\u00a0Physiologische Bilder, 2 Bde., 1861\/75<\/p>\n<p>\u0095\u00a0\u00a0\u00a0\u00a0\u00a0\u00a0\u00a0\u00a0\u00a0Die Darwinsche Theorie von der Verwandlung der Arten und die erste Entstehung der Organismenwelt, 1868<\/p>\n<p>\u0095\u00a0\u00a0\u00a0\u00a0\u00a0\u00a0\u00a0\u00a0Die Macht der Vererbung und ihr Einflu\u00df auf den moralischen und geistigen Fortschritt der Menschheit, 1882<\/p>\n<p>\u0095\u00a0\u00a0\u00a0\u00a0\u00a0\u00a0\u00a0\u00a0\u00a0 Die Stellung des Menschen in der Natur, 1868<\/p>\n<p>\u0095\u00a0\u00a0\u00a0\u00a0\u00a0\u00a0\u00a0\u00a0\u00a0 \u00dcber religi\u00f6se und wissenschaftliche Weltanschauung, 1887<\/p>\n<p>\u0095\u00a0\u00a0\u00a0\u00a0\u00a0\u00a0\u00a0\u00a0Der neue Hamlet. Poesie und Prosa aus den Papieren eines verstorbenen Pessimisten, 1885 (pseudonym), 2. Aufl. 1901<\/p>\n<p>\u0095\u00a0\u00a0\u00a0\u00a0\u00a0\u00a0\u00a0\u00a0\u00a0 Das Buch vom langen Leben oder die Lehre von der Dauer und Erhaltung des Lebens. (Makrobiotik), 1892<\/p>\n<p>\u0095\u00a0\u00a0\u00a0\u00a0\u00a0\u00a0\u00a0\u00a0\u00a0 Darwinismus und Sozialismus, 1894<\/p>\n<p>\u0095\u00a0\u00a0\u00a0\u00a0  \u00a0\u00a0\u00a0\u00a0Im Dienste der Wahrheit, 1900<\/p>\n<p>Sekund\u00e4rliteratur<\/p>\n<p>o\u00a0\u00a0\u00a0\u00a0\u00a0\u00a0\u00a0\u00a0\u00a0 J. Frauenst\u00e4dt, Der Materialismus. Eine Erwiderung auf Ludwig B\u00fcchners \u0084Kraft und Stoff\u0093, 1856<\/p>\n<p>o\u00a0\u00a0\u00a0\u00a0\u00a0\u00a0\u00a0\u00a0\u00a0 P. Janet, Der Materialismus unserer Zeit in Deutschland. Pr\u00fcfung des B\u00fcchnerschen Systems, 1866<\/p>\n<p>o\u00a0\u00a0\u00a0\u00a0\u00a0\u00a0\u00a0\u00a0\u00a0 F.A. Lange, Geschichte des Materialismus und Kritik seiner Bedeutung f\u00fcr die Gegenwart, hrsg. von Alfred Schmidt, 1974, Bd. 2, passim<\/p>\n<p>o\u00a0\u00a0\u00a0\u00a0\u00a0\u00a0\u00a0\u00a0\u00a0 D. Wittich, Zur Geschichte und Deutung des Materialismus von Vogt, Moleschott und Ludwig B\u00fcchner, in: Wiss. Zschr. Der Humboldt-Universit\u00e4t Berlin, Gesellsch.-sprachwiss. Reihe Bd. 12, 1963, S. 389 ff.<\/p>\n<p>\u0095\u00a0\u00a0\u00a0\u00a0\u00a0\u00a0\u00a0\u00a0\u00a0 P. Berglar, Der neue Hamlet. Ludwig B\u00fcchner in seiner Zeit, 1978\n<\/p>\n<p class=\"MsoNormal\">&nbsp;<\/p>\n<p class=\"MsoNormal\">&nbsp;<\/p>\n<p><meta http-equiv=\"Content-Type\" content=\"text\/html; charset=utf-8\" \/><meta name=\"ProgId\" content=\"Word.Document\" \/><meta name=\"Generator\" content=\"Microsoft Word 10\" \/><meta name=\"Originator\" content=\"Microsoft Word 10\" \/>\n<link href=\"file:\/\/\/C:%5CDOKUME%7E1%5CPETERB%7E1%5CLOKALE%7E1%5CTemp%5Cmsohtml1%5C01%5Cclip_filelist.xml\" rel=\"File-List\" \/><!--[if gte mso 9]><xml>  <w :WordDocument>   <\/w><w :View>Normal<\/w>   <w :Zoom>0<\/w>   <w :HyphenationZone>21<\/w>   <w :Compatibility>    <w :BreakWrappedTables\/>    <w :SnapToGridInCell\/>    <w :WrapTextWithPunct\/>    <w :UseAsianBreakRules\/>   <\/w>   <w :BrowserLevel>MicrosoftInternetExplorer4<\/w>   <\/xml>< ![endif]--><\/p>\n<style> <!--  \/* Style Definitions *\/  p.MsoNormal, li.MsoNormal, div.MsoNormal \t{mso-style-parent:\"\"; \tmargin:0cm; \tmargin-bottom:.0001pt; \tmso-pagination:widow-orphan; \tfont-size:12.0pt; \tfont-family:\"Times New Roman\"; \tmso-fareast-font-family:\"Times New Roman\";} a:link, span.MsoHyperlink \t{color:blue; \ttext-decoration:underline; \ttext-underline:single;} a:visited, span.MsoHyperlinkFollowed \t{color:purple; \ttext-decoration:underline; \ttext-underline:single;} @page Section1 \t{size:595.3pt 841.9pt; \tmargin:70.85pt 70.85pt 2.0cm 70.85pt; \tmso-header-margin:35.4pt; \tmso-footer-margin:35.4pt; \tmso-paper-source:0;} div.Section1 \t{page:Section1;} --> <\/style>\n<p><!--[if gte mso 10]>\n\n\n\n<style>  \/* Style Definitions *\/  table.MsoNormalTable \t{mso-style-name:\"Normale Tabelle\"; \tmso-tstyle-rowband-size:0; \tmso-tstyle-colband-size:0; \tmso-style-noshow:yes; \tmso-style-parent:\"\"; \tmso-padding-alt:0cm 5.4pt 0cm 5.4pt; \tmso-para-margin:0cm; \tmso-para-margin-bottom:.0001pt; \tmso-pagination:widow-orphan; \tfont-size:10.0pt; \tfont-family:\"Times New Roman\";} <\/style>\n\n < ![endif]--><\/p>\n<p class=\"MsoNormal\"><em>Dieser Artikel nutzt Material aus dem Artikel <a href=\"http:\/\/de.wikipedia.org\/wiki\/Ludwig_B%C3%BCchner\" target=\"_blank\">Ludwig B\u00fcchner\u00a0 <\/a><o><br \/>\n<\/o><\/em>\n<\/p>\n<p class=\"MsoNormal\"><em>\u00a0in der freien Enzyklop\u00e4die <a href=\"http:\/\/de.wikipedia.org\/wiki\/Wikipedia:Hauptseite\" target=\"_blank\">Wikipedia<\/a> , an dem ich selbst mitgearbeitet habe und steht unter der Doppellizenz <a href=\"http:\/\/de.wikipedia.org\/wiki\/Wikipedia:GNU_Free_Documentation_License\" target=\"_blank\">GNU-Lizenz f\u00fcr freie Dokumentation<\/a> <a href=\"http:\/\/de.wikipedia.org\/wiki\/Wikipedia:GNU_Free_Documentation_License\"><span style=\"font-size: 13pt\"><\/span><\/a><span style=\"font-size: 13pt\">und <\/span><a href=\"http:\/\/de.wikipedia.org\/wiki\/Wikipedia:Lizenzbestimmungen_Commons_Attribution-ShareAlike_3.0_Unported\" target=\"_blank\">Creative Commons CC-BY-SA 3.0 Unported<\/a>. In Wikipedia ist eine Liste der Autoren verf\u00fcgbar.<\/em><\/p>\n<p class=\"MsoNormal\">&nbsp;<\/p>\n<p class=\"MsoNormal\">&nbsp;<\/p>\n","protected":false},"excerpt":{"rendered":"<p>\u00a0 Friedrich Karl Christian Ludwig B\u00fcchner (* 29. M\u00e4rz 1824 in Darmstadt; \u0086 1. Mai 1899 ebenda), war Arzt, Naturwissenschaftler und Philosoph. Er gilt als ein der Wegbereiter des \u0084Vulg\u00e4rmaterialismus\u0094 oder \u0084Monismus\u0094. Der j\u00fcngere Bruder Georg B\u00fcchners und erste, anonyme Herausgeber seiner \u0084Nachgelassenen Schriften&#8220;, studierte in Gie\u00dfen Medizin, praktizierte als Arzt in T\u00fcbingen und ver\u00f6ffentlichte [&hellip;]<\/p>\n","protected":false},"author":379,"featured_media":0,"parent":0,"menu_order":0,"comment_status":"open","ping_status":"open","template":"","meta":{"footnotes":""},"class_list":["post-14","page","type-page","status-publish","hentry","post-preview"],"yoast_head":"<!-- This site is optimized with the Yoast SEO plugin v27.4 - https:\/\/yoast.com\/product\/yoast-seo-wordpress\/ -->\n<title>Ludwig B\u00fcchner  - Neues aus Buechnerland<\/title>\n<meta name=\"robots\" content=\"index, follow, max-snippet:-1, max-image-preview:large, max-video-preview:-1\" \/>\n<link rel=\"canonical\" href=\"https:\/\/geschwisterbuechner.de\/?page_id=14\" \/>\n<meta property=\"og:locale\" content=\"de_DE\" \/>\n<meta property=\"og:type\" content=\"article\" \/>\n<meta property=\"og:title\" content=\"Ludwig B\u00fcchner  - Neues aus Buechnerland\" \/>\n<meta property=\"og:description\" content=\"\u00a0 Friedrich Karl Christian Ludwig B\u00fcchner (* 29. M\u00e4rz 1824 in Darmstadt; \u0086 1. Mai 1899 ebenda), war Arzt, Naturwissenschaftler und Philosoph. Er gilt als ein der Wegbereiter des \u0084Vulg\u00e4rmaterialismus\u0094 oder \u0084Monismus\u0094. Der j\u00fcngere Bruder Georg B\u00fcchners und erste, anonyme Herausgeber seiner \u0084Nachgelassenen Schriften&#8220;, studierte in Gie\u00dfen Medizin, praktizierte als Arzt in T\u00fcbingen und ver\u00f6ffentlichte [&hellip;]\" \/>\n<meta property=\"og:url\" content=\"https:\/\/geschwisterbuechner.de\/?page_id=14\" \/>\n<meta property=\"og:site_name\" content=\"Neues aus Buechnerland\" \/>\n<meta property=\"article:modified_time\" content=\"2010-10-06T10:17:11+00:00\" \/>\n<meta property=\"og:image\" content=\"https:\/\/geschwisterbuechner.de\/wp-content\/uploads\/2010\/10\/ludwig_ca1874.JPG\" \/>\n<meta name=\"twitter:card\" content=\"summary_large_image\" \/>\n<meta name=\"twitter:site\" content=\"@s_p_brunner\" \/>\n<meta name=\"twitter:label1\" content=\"Gesch\u00e4tzte Lesezeit\" \/>\n\t<meta name=\"twitter:data1\" content=\"3\u00a0Minuten\" \/>\n<script type=\"application\/ld+json\" class=\"yoast-schema-graph\">{\"@context\":\"https:\\\/\\\/schema.org\",\"@graph\":[{\"@type\":\"WebPage\",\"@id\":\"https:\\\/\\\/geschwisterbuechner.de\\\/?page_id=14\",\"url\":\"https:\\\/\\\/geschwisterbuechner.de\\\/?page_id=14\",\"name\":\"Ludwig B\u00fcchner - Neues aus Buechnerland\",\"isPartOf\":{\"@id\":\"https:\\\/\\\/geschwisterbuechner.de\\\/#website\"},\"primaryImageOfPage\":{\"@id\":\"https:\\\/\\\/geschwisterbuechner.de\\\/?page_id=14#primaryimage\"},\"image\":{\"@id\":\"https:\\\/\\\/geschwisterbuechner.de\\\/?page_id=14#primaryimage\"},\"thumbnailUrl\":\"https:\\\/\\\/geschwisterbuechner.de\\\/wp-content\\\/uploads\\\/2010\\\/10\\\/ludwig_ca1874.JPG\",\"datePublished\":\"2009-07-24T13:34:17+00:00\",\"dateModified\":\"2010-10-06T10:17:11+00:00\",\"breadcrumb\":{\"@id\":\"https:\\\/\\\/geschwisterbuechner.de\\\/?page_id=14#breadcrumb\"},\"inLanguage\":\"de\",\"potentialAction\":[{\"@type\":\"ReadAction\",\"target\":[\"https:\\\/\\\/geschwisterbuechner.de\\\/?page_id=14\"]}]},{\"@type\":\"ImageObject\",\"inLanguage\":\"de\",\"@id\":\"https:\\\/\\\/geschwisterbuechner.de\\\/?page_id=14#primaryimage\",\"url\":\"https:\\\/\\\/geschwisterbuechner.de\\\/wp-content\\\/uploads\\\/2010\\\/10\\\/ludwig_ca1874.JPG\",\"contentUrl\":\"https:\\\/\\\/geschwisterbuechner.de\\\/wp-content\\\/uploads\\\/2010\\\/10\\\/ludwig_ca1874.JPG\"},{\"@type\":\"BreadcrumbList\",\"@id\":\"https:\\\/\\\/geschwisterbuechner.de\\\/?page_id=14#breadcrumb\",\"itemListElement\":[{\"@type\":\"ListItem\",\"position\":1,\"name\":\"Startseite\",\"item\":\"https:\\\/\\\/geschwisterbuechner.de\\\/\"},{\"@type\":\"ListItem\",\"position\":2,\"name\":\"Ludwig B\u00fcchner\"}]},{\"@type\":\"WebSite\",\"@id\":\"https:\\\/\\\/geschwisterbuechner.de\\\/#website\",\"url\":\"https:\\\/\\\/geschwisterbuechner.de\\\/\",\"name\":\"Neues aus Buechnerland\",\"description\":\"Peter Brunners Buechnerblog\",\"publisher\":{\"@id\":\"https:\\\/\\\/geschwisterbuechner.de\\\/#\\\/schema\\\/person\\\/ec81f262408192ea04c51ee9c89d48d9\"},\"potentialAction\":[{\"@type\":\"SearchAction\",\"target\":{\"@type\":\"EntryPoint\",\"urlTemplate\":\"https:\\\/\\\/geschwisterbuechner.de\\\/?s={search_term_string}\"},\"query-input\":{\"@type\":\"PropertyValueSpecification\",\"valueRequired\":true,\"valueName\":\"search_term_string\"}}],\"inLanguage\":\"de\"},{\"@type\":[\"Person\",\"Organization\"],\"@id\":\"https:\\\/\\\/geschwisterbuechner.de\\\/#\\\/schema\\\/person\\\/ec81f262408192ea04c51ee9c89d48d9\",\"name\":\"peter brunner\",\"image\":{\"@type\":\"ImageObject\",\"inLanguage\":\"de\",\"@id\":\"https:\\\/\\\/secure.gravatar.com\\\/avatar\\\/b6195224d15188d95b27ef2d5a30de7ec9d4b75805cd922fc20b18ef8165d1e4?s=96&d=mm&r=g\",\"url\":\"https:\\\/\\\/secure.gravatar.com\\\/avatar\\\/b6195224d15188d95b27ef2d5a30de7ec9d4b75805cd922fc20b18ef8165d1e4?s=96&d=mm&r=g\",\"contentUrl\":\"https:\\\/\\\/secure.gravatar.com\\\/avatar\\\/b6195224d15188d95b27ef2d5a30de7ec9d4b75805cd922fc20b18ef8165d1e4?s=96&d=mm&r=g\",\"caption\":\"peter brunner\"},\"logo\":{\"@id\":\"https:\\\/\\\/secure.gravatar.com\\\/avatar\\\/b6195224d15188d95b27ef2d5a30de7ec9d4b75805cd922fc20b18ef8165d1e4?s=96&d=mm&r=g\"}}]}<\/script>\n<!-- \/ Yoast SEO plugin. -->","yoast_head_json":{"title":"Ludwig B\u00fcchner  - Neues aus Buechnerland","robots":{"index":"index","follow":"follow","max-snippet":"max-snippet:-1","max-image-preview":"max-image-preview:large","max-video-preview":"max-video-preview:-1"},"canonical":"https:\/\/geschwisterbuechner.de\/?page_id=14","og_locale":"de_DE","og_type":"article","og_title":"Ludwig B\u00fcchner  - Neues aus Buechnerland","og_description":"\u00a0 Friedrich Karl Christian Ludwig B\u00fcchner (* 29. M\u00e4rz 1824 in Darmstadt; \u0086 1. Mai 1899 ebenda), war Arzt, Naturwissenschaftler und Philosoph. Er gilt als ein der Wegbereiter des \u0084Vulg\u00e4rmaterialismus\u0094 oder \u0084Monismus\u0094. Der j\u00fcngere Bruder Georg B\u00fcchners und erste, anonyme Herausgeber seiner \u0084Nachgelassenen Schriften&#8220;, studierte in Gie\u00dfen Medizin, praktizierte als Arzt in T\u00fcbingen und ver\u00f6ffentlichte [&hellip;]","og_url":"https:\/\/geschwisterbuechner.de\/?page_id=14","og_site_name":"Neues aus Buechnerland","article_modified_time":"2010-10-06T10:17:11+00:00","og_image":[{"url":"https:\/\/geschwisterbuechner.de\/wp-content\/uploads\/2010\/10\/ludwig_ca1874.JPG","type":"","width":"","height":""}],"twitter_card":"summary_large_image","twitter_site":"@s_p_brunner","twitter_misc":{"Gesch\u00e4tzte Lesezeit":"3\u00a0Minuten"},"schema":{"@context":"https:\/\/schema.org","@graph":[{"@type":"WebPage","@id":"https:\/\/geschwisterbuechner.de\/?page_id=14","url":"https:\/\/geschwisterbuechner.de\/?page_id=14","name":"Ludwig B\u00fcchner - Neues aus Buechnerland","isPartOf":{"@id":"https:\/\/geschwisterbuechner.de\/#website"},"primaryImageOfPage":{"@id":"https:\/\/geschwisterbuechner.de\/?page_id=14#primaryimage"},"image":{"@id":"https:\/\/geschwisterbuechner.de\/?page_id=14#primaryimage"},"thumbnailUrl":"https:\/\/geschwisterbuechner.de\/wp-content\/uploads\/2010\/10\/ludwig_ca1874.JPG","datePublished":"2009-07-24T13:34:17+00:00","dateModified":"2010-10-06T10:17:11+00:00","breadcrumb":{"@id":"https:\/\/geschwisterbuechner.de\/?page_id=14#breadcrumb"},"inLanguage":"de","potentialAction":[{"@type":"ReadAction","target":["https:\/\/geschwisterbuechner.de\/?page_id=14"]}]},{"@type":"ImageObject","inLanguage":"de","@id":"https:\/\/geschwisterbuechner.de\/?page_id=14#primaryimage","url":"https:\/\/geschwisterbuechner.de\/wp-content\/uploads\/2010\/10\/ludwig_ca1874.JPG","contentUrl":"https:\/\/geschwisterbuechner.de\/wp-content\/uploads\/2010\/10\/ludwig_ca1874.JPG"},{"@type":"BreadcrumbList","@id":"https:\/\/geschwisterbuechner.de\/?page_id=14#breadcrumb","itemListElement":[{"@type":"ListItem","position":1,"name":"Startseite","item":"https:\/\/geschwisterbuechner.de\/"},{"@type":"ListItem","position":2,"name":"Ludwig B\u00fcchner"}]},{"@type":"WebSite","@id":"https:\/\/geschwisterbuechner.de\/#website","url":"https:\/\/geschwisterbuechner.de\/","name":"Neues aus Buechnerland","description":"Peter Brunners Buechnerblog","publisher":{"@id":"https:\/\/geschwisterbuechner.de\/#\/schema\/person\/ec81f262408192ea04c51ee9c89d48d9"},"potentialAction":[{"@type":"SearchAction","target":{"@type":"EntryPoint","urlTemplate":"https:\/\/geschwisterbuechner.de\/?s={search_term_string}"},"query-input":{"@type":"PropertyValueSpecification","valueRequired":true,"valueName":"search_term_string"}}],"inLanguage":"de"},{"@type":["Person","Organization"],"@id":"https:\/\/geschwisterbuechner.de\/#\/schema\/person\/ec81f262408192ea04c51ee9c89d48d9","name":"peter brunner","image":{"@type":"ImageObject","inLanguage":"de","@id":"https:\/\/secure.gravatar.com\/avatar\/b6195224d15188d95b27ef2d5a30de7ec9d4b75805cd922fc20b18ef8165d1e4?s=96&d=mm&r=g","url":"https:\/\/secure.gravatar.com\/avatar\/b6195224d15188d95b27ef2d5a30de7ec9d4b75805cd922fc20b18ef8165d1e4?s=96&d=mm&r=g","contentUrl":"https:\/\/secure.gravatar.com\/avatar\/b6195224d15188d95b27ef2d5a30de7ec9d4b75805cd922fc20b18ef8165d1e4?s=96&d=mm&r=g","caption":"peter brunner"},"logo":{"@id":"https:\/\/secure.gravatar.com\/avatar\/b6195224d15188d95b27ef2d5a30de7ec9d4b75805cd922fc20b18ef8165d1e4?s=96&d=mm&r=g"}}]}},"_links":{"self":[{"href":"https:\/\/geschwisterbuechner.de\/index.php?rest_route=\/wp\/v2\/pages\/14","targetHints":{"allow":["GET"]}}],"collection":[{"href":"https:\/\/geschwisterbuechner.de\/index.php?rest_route=\/wp\/v2\/pages"}],"about":[{"href":"https:\/\/geschwisterbuechner.de\/index.php?rest_route=\/wp\/v2\/types\/page"}],"author":[{"embeddable":true,"href":"https:\/\/geschwisterbuechner.de\/index.php?rest_route=\/wp\/v2\/users\/379"}],"replies":[{"embeddable":true,"href":"https:\/\/geschwisterbuechner.de\/index.php?rest_route=%2Fwp%2Fv2%2Fcomments&post=14"}],"version-history":[{"count":0,"href":"https:\/\/geschwisterbuechner.de\/index.php?rest_route=\/wp\/v2\/pages\/14\/revisions"}],"wp:attachment":[{"href":"https:\/\/geschwisterbuechner.de\/index.php?rest_route=%2Fwp%2Fv2%2Fmedia&parent=14"}],"curies":[{"name":"wp","href":"https:\/\/api.w.org\/{rel}","templated":true}]}}